{"id":2063,"date":"2024-05-06T16:20:40","date_gmt":"2024-05-06T16:20:40","guid":{"rendered":"https:\/\/esga.mil.ar\/OBS\/?page_id=2063"},"modified":"2025-07-10T16:56:25","modified_gmt":"2025-07-10T16:56:25","slug":"objetivos-especificos","status":"publish","type":"page","link":"https:\/\/esga.mil.ar\/OBS\/objetivos-especificos\/","title":{"rendered":"OBJETIVOS ESPEC\u00cdFICOS"},"content":{"rendered":"\t\t<div data-elementor-type=\"wp-page\" data-elementor-id=\"2063\" class=\"elementor elementor-2063\" data-elementor-post-type=\"page\">\n\t\t\t\t<div class=\"elementor-element elementor-element-5ccd4d6 e-con-full animated-slow e-flex elementor-invisible e-con e-parent\" data-id=\"5ccd4d6\" data-element_type=\"container\" data-e-type=\"container\" data-settings=\"{&quot;background_background&quot;:&quot;classic&quot;,&quot;animation&quot;:&quot;fadeIn&quot;}\">\n\t\t<div class=\"elementor-element elementor-element-862d68c e-flex e-con-boxed elementor-invisible e-con e-child\" data-id=\"862d68c\" data-element_type=\"container\" data-e-type=\"container\" data-settings=\"{&quot;background_background&quot;:&quot;gradient&quot;,&quot;animation&quot;:&quot;fadeIn&quot;}\">\n\t\t\t\t\t<div class=\"e-con-inner\">\n\t\t\t\t<div class=\"elementor-element elementor-element-ea18561 elementor-widget elementor-widget-heading\" data-id=\"ea18561\" data-element_type=\"widget\" data-e-type=\"widget\" data-widget_type=\"heading.default\">\n\t\t\t\t<div class=\"elementor-widget-container\">\n\t\t\t\t\t<h2 class=\"elementor-heading-title elementor-size-default\">OBJETIVOS ESPEC\u00cdFICOS<\/h2>\t\t\t\t<\/div>\n\t\t\t\t<\/div>\n\t\t\t\t\t<\/div>\n\t\t\t\t<\/div>\n\t\t\t\t<\/div>\n\t\t<div class=\"elementor-element elementor-element-4a4cfb8 e-flex e-con-boxed e-con e-parent\" data-id=\"4a4cfb8\" data-element_type=\"container\" data-e-type=\"container\">\n\t\t\t\t\t<div class=\"e-con-inner\">\n\t\t\t\t<div class=\"elementor-element elementor-element-df9a41e elementor-absolute elementor-hidden-tablet elementor-hidden-mobile elementor-widget elementor-widget-image\" data-id=\"df9a41e\" data-element_type=\"widget\" data-e-type=\"widget\" data-settings=\"{&quot;_position&quot;:&quot;absolute&quot;}\" data-widget_type=\"image.default\">\n\t\t\t\t<div class=\"elementor-widget-container\">\n\t\t\t\t\t\t\t\t\t\t\t\t\t\t\t<img fetchpriority=\"high\" decoding=\"async\" width=\"704\" height=\"1024\" src=\"https:\/\/esga.mil.ar\/OBS\/wp-content\/uploads\/2025\/07\/Escudo-ESGA-descripcion-transparencia2-704x1024.png\" class=\"attachment-large size-large wp-image-3499\" alt=\"\" srcset=\"https:\/\/esga.mil.ar\/OBS\/wp-content\/uploads\/2025\/07\/Escudo-ESGA-descripcion-transparencia2-704x1024.png 704w, https:\/\/esga.mil.ar\/OBS\/wp-content\/uploads\/2025\/07\/Escudo-ESGA-descripcion-transparencia2-206x300.png 206w, https:\/\/esga.mil.ar\/OBS\/wp-content\/uploads\/2025\/07\/Escudo-ESGA-descripcion-transparencia2-768x1117.png 768w, https:\/\/esga.mil.ar\/OBS\/wp-content\/uploads\/2025\/07\/Escudo-ESGA-descripcion-transparencia2.png 828w\" sizes=\"(max-width: 704px) 100vw, 704px\" \/>\t\t\t\t\t\t\t\t\t\t\t\t\t\t\t<\/div>\n\t\t\t\t<\/div>\n\t\t\t\t\t<\/div>\n\t\t\t\t<\/div>\n\t\t<div class=\"elementor-element elementor-element-3d748d1 e-flex e-con-boxed elementor-invisible e-con e-parent\" data-id=\"3d748d1\" data-element_type=\"container\" data-e-type=\"container\" data-settings=\"{&quot;animation&quot;:&quot;fadeInUp&quot;,&quot;background_background&quot;:&quot;classic&quot;}\">\n\t\t\t\t\t<div class=\"e-con-inner\">\n\t\t\t\t<div class=\"elementor-element elementor-element-d646364 elementor-widget elementor-widget-text-editor\" data-id=\"d646364\" data-element_type=\"widget\" data-e-type=\"widget\" data-widget_type=\"text-editor.default\">\n\t\t\t\t<div class=\"elementor-widget-container\">\n\t\t\t\t\t\t\t\t\t<ul><li><p>Dotar a los futuros especialistas y oficiales de Estado Mayor de la Fuerza A\u00e9rea Argentina de una herramienta de investigaci\u00f3n, con impacto en la realizaci\u00f3n de su vida profesional posterior, con capacidad de encontrar grandes vol\u00famenes de informaci\u00f3n acerca de los aspectos de estudio, trabajo o investigaci\u00f3n y comprender c\u00f3mo calificar y clasificarla.<\/p><\/li><\/ul><ul><li>Poner en el conocimiento de especialistas en sistemas aeroespaciales, a trav\u00e9s de boletines, reportes e informes, la situaci\u00f3n del estado del arte en la materia, desde la perspectiva legal, operativa, estrat\u00e9gica y t\u00e9cnica.<\/li><\/ul><ul><li>Ayudar a fomentar una cultura nacional acerca de la importancia del Aeroespacio y sus aplicaciones y desarrollos tecnol\u00f3gicos, que hacen a la Defensa y a la protecci\u00f3n de los intereses nacionales.<\/li><\/ul><ul><li>Generar oportunidades de estudio e investigaci\u00f3n generales, aplicados a la problem\u00e1tica del poder aeroespacial.<\/li><\/ul><ul><li>Generar en la sociedad un concepto de soberan\u00eda tridimensional compatible con nuestro pa\u00eds.<\/li><\/ul><ul><li>Crear un reservorio de documentaci\u00f3n que estimule el estudio y la investigaci\u00f3n en la materia.<\/li><\/ul><ul><li>Generar una base de datos sobre el Aeroespacio y el estado del arte y sistemas asociados a la materia.<\/li><\/ul><ul><li>Potenciar la potencialidad de las investigaciones y del an\u00e1lisis prospectivo.<\/li><\/ul><ul><li>Generar informaci\u00f3n de base y an\u00e1lisis que permitan a los organismos responsables, personas interesadas y estudiosos del tema, realizar estudios prospectivos acerca de amenazas, desarrollar ingenios, establecer estrategias y t\u00e1cticas, en lo relacionado con la cuesti\u00f3n aeroespacial.<\/li><\/ul><ul><li>Crear una herramienta y una organizaci\u00f3n que aporte respuestas a las preguntas que surjan de escudri\u00f1ar de manera permanente cuestiones relativas al Aeroespacio, generando de manera peri\u00f3dica reportes, que permitan trabajar de manera interactiva con otros centros de estudios, investigadores o personas interesadas.<\/li><\/ul><ul><li>Actuar de forma sin\u00e9rgica con elementos propios del poder aeroespacial.<\/li><\/ul><ul><li>Explorar la capacidad de desarrollar un servicio de excelencia, con informaci\u00f3n en el estado del arte, respecto de la problem\u00e1tica de control y negaci\u00f3n del Aeroespacio, m\u00e9todos, tecnolog\u00edas y estrategias de aplicaci\u00f3n.<\/li><\/ul><ul><li>Analizar, desde una perspectiva estrat\u00e9gica y tecnol\u00f3gica, los sistemas a\u00e9reos espaciales y el estado del arte en la materia.<\/li><\/ul><ul><li>Establecer caracter\u00edsticas y estrategias acerca de los sistemas de captaci\u00f3n, reclutamiento, sistema de fidelizaci\u00f3n, preparaci\u00f3n y adiestramiento de RR.HH.<\/li><\/ul><ul><li>Establecer un v\u00ednculo entre diferentes universidades complementando las capacidades y conocimientos de ambas.<\/li><\/ul><ul><li>Establecer un sistema de informaci\u00f3n fiable.<\/li><\/ul><ul><li>Generar la posibilidad de construir propuestas para la toma de decisiones sobre las pol\u00edticas en aspectos relativos al empleo del poder aeroespacial.<\/li><\/ul><ul><li>Fomentar y promover encuentros entre profesionales y expertos, y facilitar el intercambio de experiencias e investigaciones.<\/li><\/ul><ul><li>Construcci\u00f3n de indicadores objetivos que permitan la correlaci\u00f3n y la comparaci\u00f3n evolutiva de variables.<\/li><\/ul><ul><li>Medir el estado actual y la evoluci\u00f3n del bienestar y la calidad de vida, sobre la base de las acciones aeroespaciales.<\/li><\/ul><ul><li>Publicar y difundir los materiales generados a trav\u00e9s de los diferentes estudios e investigaciones.<\/li><\/ul><ul><li>Elaborar un reporte anual del Aeroespacio, en el cual se recoja un diagn\u00f3stico que permita conocer la situaci\u00f3n y cu\u00e1les son las herramientas disponibles para la evaluaci\u00f3n y la medida de los diferentes fen\u00f3menos que intervienen en la percepci\u00f3n de la Defensa.<\/li><\/ul><ul><li>Creaci\u00f3n de materiales pedag\u00f3gicos dirigidos a los j\u00f3venes en particular y a la ciudadan\u00eda en general, en el \u00e1mbito Aeroespacial.<\/li><\/ul>\t\t\t\t\t\t\t\t<\/div>\n\t\t\t\t<\/div>\n\t\t\t\t<div class=\"elementor-element elementor-element-1b4fc2b elementor-widget elementor-widget-spacer\" data-id=\"1b4fc2b\" data-element_type=\"widget\" data-e-type=\"widget\" data-widget_type=\"spacer.default\">\n\t\t\t\t<div class=\"elementor-widget-container\">\n\t\t\t\t\t\t\t<div class=\"elementor-spacer\">\n\t\t\t<div class=\"elementor-spacer-inner\"><\/div>\n\t\t<\/div>\n\t\t\t\t\t\t<\/div>\n\t\t\t\t<\/div>\n\t\t\t\t\t<\/div>\n\t\t\t\t<\/div>\n\t\t<div class=\"elementor-element elementor-element-643b46c e-con-full e-flex e-con e-parent\" data-id=\"643b46c\" data-element_type=\"container\" data-e-type=\"container\">\n\t\t\t\t<div class=\"elementor-element elementor-element-ff3dc36 elementor-widget elementor-widget-spacer\" data-id=\"ff3dc36\" data-element_type=\"widget\" data-e-type=\"widget\" data-widget_type=\"spacer.default\">\n\t\t\t\t<div class=\"elementor-widget-container\">\n\t\t\t\t\t\t\t<div class=\"elementor-spacer\">\n\t\t\t<div class=\"elementor-spacer-inner\"><\/div>\n\t\t<\/div>\n\t\t\t\t\t\t<\/div>\n\t\t\t\t<\/div>\n\t\t\t\t<\/div>\n\t\t<div class=\"elementor-element elementor-element-68de7a6 e-flex e-con-boxed e-con e-parent\" data-id=\"68de7a6\" data-element_type=\"container\" data-e-type=\"container\">\n\t\t\t\t\t<div class=\"e-con-inner\">\n\t\t\t\t<div class=\"elementor-element elementor-element-fd0586c elementor-align-center elementor-widget elementor-widget-button\" data-id=\"fd0586c\" data-element_type=\"widget\" data-e-type=\"widget\" data-widget_type=\"button.default\">\n\t\t\t\t<div class=\"elementor-widget-container\">\n\t\t\t\t\t\t\t\t\t<div class=\"elementor-button-wrapper\">\n\t\t\t\t\t<a class=\"elementor-button elementor-button-link elementor-size-sm elementor-animation-grow\" href=\"https:\/\/esga.mil.ar\/OBS\/\">\n\t\t\t\t\t\t<span class=\"elementor-button-content-wrapper\">\n\t\t\t\t\t\t\t\t\t<span class=\"elementor-button-text\">Regresar al home<\/span>\n\t\t\t\t\t<\/span>\n\t\t\t\t\t<\/a>\n\t\t\t\t<\/div>\n\t\t\t\t\t\t\t\t<\/div>\n\t\t\t\t<\/div>\n\t\t\t\t\t<\/div>\n\t\t\t\t<\/div>\n\t\t<div class=\"elementor-element elementor-element-a0b4973 e-flex e-con-boxed e-con e-parent\" data-id=\"a0b4973\" data-element_type=\"container\" data-e-type=\"container\">\n\t\t\t\t\t<div class=\"e-con-inner\">\n\t\t\t\t<div class=\"elementor-element elementor-element-d941558 elementor-widget elementor-widget-spacer\" data-id=\"d941558\" data-element_type=\"widget\" data-e-type=\"widget\" data-widget_type=\"spacer.default\">\n\t\t\t\t<div class=\"elementor-widget-container\">\n\t\t\t\t\t\t\t<div class=\"elementor-spacer\">\n\t\t\t<div class=\"elementor-spacer-inner\"><\/div>\n\t\t<\/div>\n\t\t\t\t\t\t<\/div>\n\t\t\t\t<\/div>\n\t\t\t\t\t<\/div>\n\t\t\t\t<\/div>\n\t\t<div class=\"elementor-element elementor-element-5e1b21e e-flex e-con-boxed e-con e-parent\" data-id=\"5e1b21e\" data-element_type=\"container\" data-e-type=\"container\">\n\t\t\t\t\t<div class=\"e-con-inner\">\n\t\t\t\t<div class=\"elementor-element elementor-element-b2fd3ff elementor-view-stacked elementor-fixed elementor-shape-circle elementor-invisible elementor-widget elementor-widget-icon\" data-id=\"b2fd3ff\" data-element_type=\"widget\" data-e-type=\"widget\" data-settings=\"{&quot;_position&quot;:&quot;fixed&quot;,&quot;_animation&quot;:&quot;fadeIn&quot;}\" data-widget_type=\"icon.default\">\n\t\t\t\t<div class=\"elementor-widget-container\">\n\t\t\t\t\t\t\t<div class=\"elementor-icon-wrapper\">\n\t\t\t<a class=\"elementor-icon\" href=\"#page\">\n\t\t\t<svg aria-hidden=\"true\" class=\"e-font-icon-svg e-fas-arrow-up\" viewBox=\"0 0 448 512\" xmlns=\"http:\/\/www.w3.org\/2000\/svg\"><path d=\"M34.9 289.5l-22.2-22.2c-9.4-9.4-9.4-24.6 0-33.9L207 39c9.4-9.4 24.6-9.4 33.9 0l194.3 194.3c9.4 9.4 9.4 24.6 0 33.9L413 289.4c-9.5 9.5-25 9.3-34.3-.4L264 168.6V456c0 13.3-10.7 24-24 24h-32c-13.3 0-24-10.7-24-24V168.6L69.2 289.1c-9.3 9.8-24.8 10-34.3.4z\"><\/path><\/svg>\t\t\t<\/a>\n\t\t<\/div>\n\t\t\t\t\t\t<\/div>\n\t\t\t\t<\/div>\n\t\t\t\t\t<\/div>\n\t\t\t\t<\/div>\n\t\t\t\t<\/div>\n\t\t","protected":false},"excerpt":{"rendered":"<p>OBJETIVOS ESPEC\u00cdFICOS Dotar a los futuros especialistas y oficiales de Estado Mayor de la Fuerza A\u00e9rea Argentina de una herramienta de investigaci\u00f3n, con impacto en la realizaci\u00f3n de su vida profesional posterior, con capacidad de encontrar grandes vol\u00famenes de informaci\u00f3n acerca de los aspectos de estudio, trabajo o investigaci\u00f3n y comprender c\u00f3mo calificar y clasificarla. [&hellip;]<\/p>\n","protected":false},"author":1,"featured_media":0,"parent":0,"menu_order":0,"comment_status":"closed","ping_status":"closed","template":"","meta":{"site-sidebar-layout":"no-sidebar","site-content-layout":"page-builder","ast-site-content-layout":"full-width-container","site-content-style":"unboxed","site-sidebar-style":"unboxed","ast-global-header-display":"","ast-banner-title-visibility":"","ast-main-header-display":"","ast-hfb-above-header-display":"","ast-hfb-below-header-display":"","ast-hfb-mobile-header-display":"","site-post-title":"disabled","ast-breadcrumbs-content":"","ast-featured-img":"disabled","footer-sml-layout":"","ast-disable-related-posts":"","theme-transparent-header-meta":"","adv-header-id-meta":"","stick-header-meta":"","header-above-stick-meta":"","header-main-stick-meta":"","header-below-stick-meta":"","astra-migrate-meta-layouts":"set","ast-page-background-enabled":"default","ast-page-background-meta":{"desktop":{"background-color":"","background-image":"","background-repeat":"repeat","background-position":"center center","background-size":"auto","background-attachment":"scroll","background-type":"","background-media":"","overlay-type":"","overlay-color":"","overlay-opacity":"","overlay-gradient":""},"tablet":{"background-color":"","background-image":"","background-repeat":"repeat","background-position":"center center","background-size":"auto","background-attachment":"scroll","background-type":"","background-media":"","overlay-type":"","overlay-color":"","overlay-opacity":"","overlay-gradient":""},"mobile":{"background-color":"","background-image":"","background-repeat":"repeat","background-position":"center center","background-size":"auto","background-attachment":"scroll","background-type":"","background-media":"","overlay-type":"","overlay-color":"","overlay-opacity":"","overlay-gradient":""}},"ast-content-background-meta":{"desktop":{"background-color":"var(--ast-global-color-5)","background-image":"","background-repeat":"repeat","background-position":"center center","background-size":"auto","background-attachment":"scroll","background-type":"","background-media":"","overlay-type":"","overlay-color":"","overlay-opacity":"","overlay-gradient":""},"tablet":{"background-color":"var(--ast-global-color-5)","background-image":"","background-repeat":"repeat","background-position":"center center","background-size":"auto","background-attachment":"scroll","background-type":"","background-media":"","overlay-type":"","overlay-color":"","overlay-opacity":"","overlay-gradient":""},"mobile":{"background-color":"var(--ast-global-color-5)","background-image":"","background-repeat":"repeat","background-position":"center center","background-size":"auto","background-attachment":"scroll","background-type":"","background-media":"","overlay-type":"","overlay-color":"","overlay-opacity":"","overlay-gradient":""}},"footnotes":""},"class_list":["post-2063","page","type-page","status-publish","hentry"],"_links":{"self":[{"href":"https:\/\/esga.mil.ar\/OBS\/wp-json\/wp\/v2\/pages\/2063","targetHints":{"allow":["GET"]}}],"collection":[{"href":"https:\/\/esga.mil.ar\/OBS\/wp-json\/wp\/v2\/pages"}],"about":[{"href":"https:\/\/esga.mil.ar\/OBS\/wp-json\/wp\/v2\/types\/page"}],"author":[{"embeddable":true,"href":"https:\/\/esga.mil.ar\/OBS\/wp-json\/wp\/v2\/users\/1"}],"replies":[{"embeddable":true,"href":"https:\/\/esga.mil.ar\/OBS\/wp-json\/wp\/v2\/comments?post=2063"}],"version-history":[{"count":43,"href":"https:\/\/esga.mil.ar\/OBS\/wp-json\/wp\/v2\/pages\/2063\/revisions"}],"predecessor-version":[{"id":3540,"href":"https:\/\/esga.mil.ar\/OBS\/wp-json\/wp\/v2\/pages\/2063\/revisions\/3540"}],"wp:attachment":[{"href":"https:\/\/esga.mil.ar\/OBS\/wp-json\/wp\/v2\/media?parent=2063"}],"curies":[{"name":"wp","href":"https:\/\/api.w.org\/{rel}","templated":true}]}}