{"id":2054,"date":"2024-05-06T16:02:59","date_gmt":"2024-05-06T16:02:59","guid":{"rendered":"https:\/\/esga.mil.ar\/OBS\/?page_id=2054"},"modified":"2025-09-04T13:30:22","modified_gmt":"2025-09-04T13:30:22","slug":"acerca","status":"publish","type":"page","link":"https:\/\/esga.mil.ar\/OBS\/acerca\/","title":{"rendered":"ACERCA"},"content":{"rendered":"\t\t<div data-elementor-type=\"wp-page\" data-elementor-id=\"2054\" class=\"elementor elementor-2054\" data-elementor-post-type=\"page\">\n\t\t\t\t<div class=\"elementor-element elementor-element-5ccd4d6 e-con-full animated-slow e-flex elementor-invisible e-con e-parent\" data-id=\"5ccd4d6\" data-element_type=\"container\" data-e-type=\"container\" data-settings=\"{&quot;background_background&quot;:&quot;classic&quot;,&quot;animation&quot;:&quot;fadeIn&quot;}\">\n\t\t<div class=\"elementor-element elementor-element-862d68c e-flex e-con-boxed elementor-invisible e-con e-child\" data-id=\"862d68c\" data-element_type=\"container\" data-e-type=\"container\" data-settings=\"{&quot;background_background&quot;:&quot;gradient&quot;,&quot;animation&quot;:&quot;fadeIn&quot;}\">\n\t\t\t\t\t<div class=\"e-con-inner\">\n\t\t\t\t<div class=\"elementor-element elementor-element-ea18561 elementor-widget elementor-widget-heading\" data-id=\"ea18561\" data-element_type=\"widget\" data-e-type=\"widget\" data-widget_type=\"heading.default\">\n\t\t\t\t<div class=\"elementor-widget-container\">\n\t\t\t\t\t<h2 class=\"elementor-heading-title elementor-size-default\">ACERCA DEL OBSERVATORIO<\/h2>\t\t\t\t<\/div>\n\t\t\t\t<\/div>\n\t\t\t\t\t<\/div>\n\t\t\t\t<\/div>\n\t\t\t\t<\/div>\n\t\t<div class=\"elementor-element elementor-element-3d748d1 e-flex e-con-boxed elementor-invisible e-con e-parent\" data-id=\"3d748d1\" data-element_type=\"container\" data-e-type=\"container\" data-settings=\"{&quot;animation&quot;:&quot;fadeInUp&quot;,&quot;background_background&quot;:&quot;classic&quot;}\">\n\t\t\t\t\t<div class=\"e-con-inner\">\n\t\t\t\t<div class=\"elementor-element elementor-element-d646364 elementor-widget elementor-widget-text-editor\" data-id=\"d646364\" data-element_type=\"widget\" data-e-type=\"widget\" data-widget_type=\"text-editor.default\">\n\t\t\t\t<div class=\"elementor-widget-container\">\n\t\t\t\t\t\t\t\t\t<p>Cada vez que aparece una nueva dimensi\u00f3n real o virtual que el ser humano quiere utilizar, los contendientes tratar\u00e1n de dominarla, de obtener la superioridad en \u00e9l, con objeto de poder actuar desde ella en su beneficio e impedir o dificultar su uso al adversario\u201d<\/p><p>El ciberespacio constituye un \u00e1mbito virtual, nuevo e intangible, creado por los medios inform\u00e1ticos a partir de los diversos modos de conectarse y constituyen una infraestructura de comunicaciones y sistemas inform\u00e1ticos. Desde el punto de vista f\u00edsico, los conceptos, ideas y acciones que circulan en ese \u00e1mbito son estrictamente procesos abstractos, propios de la virtualidad.<\/p><p>Adem\u00e1s, poseen la capacidad de da\u00f1ar f\u00edsica, intelectual y moralmente. Ello lo convierte en un \u00e1mbito de construcci\u00f3n de poder. En este caso, es el poder del conocimiento y del convencimiento; de all\u00ed, la necesidad por parte de quienes ejercen el poder de establecer medidas para su vigilancia, control, negaci\u00f3n y explotaci\u00f3n.<\/p><p>El elemento de acci\u00f3n en este campo es el software, concepto inherente a la forma de accionar con los medios inform\u00e1ticos, esencia caracterizada por diferentes nombres (sistemas operativos, navegadores, aplicaciones de trabajo profesional, procesadores de textos, planillas de c\u00e1lculo, bases de datos, programas de dise\u00f1o, CAD-CAM, malware, virus, gusanos, troyanos, malware, spyware, ransomware, spyware, antivirus, firewall, y otros). Todos ellos act\u00faan en el ciberespacio proyectando las capacidades de quien desea ejercer, transmitir una informaci\u00f3n, generar un conocimiento, promover un espacio de reflexi\u00f3n, diversi\u00f3n o esparcimiento y de quien pretende ejercer el poder desde este nuevo ambiente operacional.<\/p><p>La Rep\u00fablica Argentina ha iniciado su accionar en el tema de seguridad inform\u00e1tica, a trav\u00e9s de carreras de posgrado en diferentes universidades y centros de investigaci\u00f3n. Un segundo pelda\u00f1o, en la cuesti\u00f3n ciberespacial, se ha constituido desde el aspecto de la Defensa en el a\u00f1o 2014, con la creaci\u00f3n del Comando Conjunto de Ciberdefensa, Resoluci\u00f3n MD N.\u00b0 343\/14, de fecha 14 de mayo de 2014, cuya misi\u00f3n es:<\/p><p>\u00abEjercer la conducci\u00f3n de las operaciones de ciberdefensa en forma permanente, a los efectos de garantizar las operaciones militares del Instrumento Militar de la Defensa Nacional, en cumplimiento de su misi\u00f3n principal y de acuerdo a los lineamientos establecidos en el Planeamiento Estrat\u00e9gico Militar.\u00bb<\/p><p>La seguridad de la informaci\u00f3n es un aspecto tratado por el hombre desde el principio de los tiempos. Se ha conceptualizado la idea de informaci\u00f3n, como elemento de poder de los Estados, en los 80 y 90. A partir de diferentes estudios, la informaci\u00f3n comenz\u00f3 a ser considerada un objeto esencial al poder (m\u00e1s all\u00e1 de que siempre lo fue).<\/p><p>Es en el siglo XXI la informaci\u00f3n y la capacidad de incidir sobre el pensamiento de las sociedades tuvo una preeminencia estrat\u00e9gica superior durante los procesos de crisis y conflicto, que los efectos militares del campo t\u00e1ctico propiamente dicho.<\/p><p>Esta capacidad y las caracter\u00edsticas mismas de tratarse de un ambiente operacional, completamente nuevo y casi libre de restricciones, permite que tanto los Estados como las organizaciones l\u00edcitas e il\u00edcitas, puedan explotar su empleo, tanto para el beneficio de la humanidad, como para cometer sabotaje, espionaje y otras acciones.<\/p><p>La caracter\u00edstica de intangibilidad, velocidad y capacidad de escalar las acciones, que se llevan a cabo en el ciberespacio, constituyen un factor de vulnerabilidad y desestabilizaci\u00f3n social, que no solo es dif\u00edcil de prevenir, sino de controlar con el evento en ejecuci\u00f3n.<\/p><p>Analizando lo que establece el art\u00edculo 2 de la Ley de Defensa Nacional (Ley 23.554), es esencial a la Defensa poseer la capacidad de ejecutar medidas contundentes, tendientes a impedir la supremac\u00eda inform\u00e1tica de cualquier posible enemigo de la sociedad argentina.<\/p><p>La Real Academia Espa\u00f1ola (RAE) define \u00abseguro\u00bb como \u201clibre o exento de todo peligro, da\u00f1o o riesgo\u201d (RAE, 2001, p\u00e1g. 2040) . Sin embargo, se trata de una condici\u00f3n ideal, ya que en la realidad no es posible tener la certeza de que se pueden evitar todos los peligros.<\/p><p>En tal sentido, la existencia de la norma ISO 27\u2009001 en el \u00e1mbito de la seguridad de la informaci\u00f3n, si bien tiene como prop\u00f3sito reducir a niveles aceptables los riesgos, estos deben ser considerados desde la visi\u00f3n del ciberespacio, nuestro objeto de estudio y su incidencia en las operaciones que en \u00e9l se ejecutan.<\/p><p>Como nuestro objeto de estudio y observaci\u00f3n es el ciberespacio, resulta oportuno comprender por qu\u00e9 se habla de ciberseguridad.<\/p><p>El objetivo de esta investigaci\u00f3n es la de proveer informaci\u00f3n adecuada para prevenir situaciones no deseadas en el ambiente cibern\u00e9tico propio, en aspectos tales como: organizaciones, instituciones, infraestructuras cr\u00edticas, empresas, ciudadanos, lo que afecte a la supervivencia o al bienestar, a partir de aspectos vinculados con:<\/p><ul><li>Ciberguerra<\/li><li>Ciberdefensa<\/li><li>Cibercrimen<\/li><li>Ciberterrorismo<\/li><\/ul><p>Esto se enmarca en el amplio concepto de la seguridad, como ausencia de peligro o de riesgo para nuestra sociedad y modo de vida. El cual, a todas luces, engloba el de Defensa, que se encuentra limitado a dar respuesta a las amenazas o ataques ya planteados.<\/p><p>El objetivo de este Observatorio es generar, en la medida de lo posible, ciertos niveles de conocimiento y posibilidad de prospectiva, para que los organismos responsables, personas interesadas y estudiosos del tema, puedan prever amenazas, desarrollar ingenios, establecer estrategias y t\u00e1cticas en sus respectivos campos de acci\u00f3n.<\/p><p>Existen, hoy, una diversidad de organismos que trabajan de manera activa en la investigaci\u00f3n a trav\u00e9s del concepto de \u00abobservatorio\u00bb.<\/p><p>El Observatorio intentar\u00e1, a trav\u00e9s de sus miembros, investigadores asociados, invitados y sistemas inform\u00e1ticos basados en estad\u00edsticas, investigaci\u00f3n operativa y an\u00e1lisis num\u00e9rico, implementados en sistemas de inteligencia artificial (redes neuronales), aprender del medio y descubrir patrones en grandes vol\u00famenes de informaci\u00f3n (big data), tratando de detectar \u201clo nuevo en el ciberespacio\u201d y de aprender, de manera continua, acerca del ambiente.<\/p><p>A partir de ello, se sistematizar\u00e1n, analizar\u00e1n y procesar\u00e1n datos, para obtener informaci\u00f3n \u00fatil, generar reportes y opiniones de expertos para diferentes usuarios, as\u00ed como m\u00e9tricas que ser\u00e1n el objeto de este Observatorio.<\/p>\t\t\t\t\t\t\t\t<\/div>\n\t\t\t\t<\/div>\n\t\t\t\t<div class=\"elementor-element elementor-element-f15a7bb elementor-widget elementor-widget-spacer\" data-id=\"f15a7bb\" data-element_type=\"widget\" data-e-type=\"widget\" data-widget_type=\"spacer.default\">\n\t\t\t\t<div class=\"elementor-widget-container\">\n\t\t\t\t\t\t\t<div class=\"elementor-spacer\">\n\t\t\t<div class=\"elementor-spacer-inner\"><\/div>\n\t\t<\/div>\n\t\t\t\t\t\t<\/div>\n\t\t\t\t<\/div>\n\t\t\t\t<div class=\"elementor-element elementor-element-a8212c7 elementor-absolute elementor-hidden-tablet elementor-hidden-mobile elementor-widget elementor-widget-image\" data-id=\"a8212c7\" data-element_type=\"widget\" data-e-type=\"widget\" data-settings=\"{&quot;_position&quot;:&quot;absolute&quot;}\" data-widget_type=\"image.default\">\n\t\t\t\t<div class=\"elementor-widget-container\">\n\t\t\t\t\t\t\t\t\t\t\t\t\t\t\t<img fetchpriority=\"high\" decoding=\"async\" width=\"753\" height=\"1024\" src=\"https:\/\/esga.mil.ar\/OBS\/wp-content\/uploads\/2025\/09\/ESCUDO-2025-txt-753x1024.png\" class=\"attachment-large size-large wp-image-3592\" alt=\"\" srcset=\"https:\/\/esga.mil.ar\/OBS\/wp-content\/uploads\/2025\/09\/ESCUDO-2025-txt-753x1024.png 753w, https:\/\/esga.mil.ar\/OBS\/wp-content\/uploads\/2025\/09\/ESCUDO-2025-txt-221x300.png 221w, https:\/\/esga.mil.ar\/OBS\/wp-content\/uploads\/2025\/09\/ESCUDO-2025-txt-768x1044.png 768w, https:\/\/esga.mil.ar\/OBS\/wp-content\/uploads\/2025\/09\/ESCUDO-2025-txt-1130x1536.png 1130w, https:\/\/esga.mil.ar\/OBS\/wp-content\/uploads\/2025\/09\/ESCUDO-2025-txt.png 1141w\" sizes=\"(max-width: 753px) 100vw, 753px\" \/>\t\t\t\t\t\t\t\t\t\t\t\t\t\t\t<\/div>\n\t\t\t\t<\/div>\n\t\t\t\t\t<\/div>\n\t\t\t\t<\/div>\n\t\t<div class=\"elementor-element elementor-element-9a14475 e-flex e-con-boxed e-con e-parent\" data-id=\"9a14475\" data-element_type=\"container\" data-e-type=\"container\">\n\t\t\t\t\t<div class=\"e-con-inner\">\n\t\t\t\t<div class=\"elementor-element elementor-element-5483481 elementor-widget elementor-widget-spacer\" data-id=\"5483481\" data-element_type=\"widget\" data-e-type=\"widget\" data-widget_type=\"spacer.default\">\n\t\t\t\t<div class=\"elementor-widget-container\">\n\t\t\t\t\t\t\t<div class=\"elementor-spacer\">\n\t\t\t<div class=\"elementor-spacer-inner\"><\/div>\n\t\t<\/div>\n\t\t\t\t\t\t<\/div>\n\t\t\t\t<\/div>\n\t\t\t\t<div class=\"elementor-element elementor-element-e29897b elementor-align-center elementor-widget elementor-widget-button\" data-id=\"e29897b\" data-element_type=\"widget\" data-e-type=\"widget\" data-widget_type=\"button.default\">\n\t\t\t\t<div class=\"elementor-widget-container\">\n\t\t\t\t\t\t\t\t\t<div class=\"elementor-button-wrapper\">\n\t\t\t\t\t<a class=\"elementor-button elementor-button-link elementor-size-sm elementor-animation-grow\" href=\"https:\/\/esga.mil.ar\/OBS\/\">\n\t\t\t\t\t\t<span class=\"elementor-button-content-wrapper\">\n\t\t\t\t\t\t\t\t\t<span class=\"elementor-button-text\">Regresar al home<\/span>\n\t\t\t\t\t<\/span>\n\t\t\t\t\t<\/a>\n\t\t\t\t<\/div>\n\t\t\t\t\t\t\t\t<\/div>\n\t\t\t\t<\/div>\n\t\t\t\t\t<\/div>\n\t\t\t\t<\/div>\n\t\t<div class=\"elementor-element elementor-element-a0b4973 e-flex e-con-boxed e-con e-parent\" data-id=\"a0b4973\" data-element_type=\"container\" data-e-type=\"container\">\n\t\t\t\t\t<div class=\"e-con-inner\">\n\t\t\t\t<div class=\"elementor-element elementor-element-d941558 elementor-widget elementor-widget-spacer\" data-id=\"d941558\" data-element_type=\"widget\" data-e-type=\"widget\" data-widget_type=\"spacer.default\">\n\t\t\t\t<div class=\"elementor-widget-container\">\n\t\t\t\t\t\t\t<div class=\"elementor-spacer\">\n\t\t\t<div class=\"elementor-spacer-inner\"><\/div>\n\t\t<\/div>\n\t\t\t\t\t\t<\/div>\n\t\t\t\t<\/div>\n\t\t\t\t\t<\/div>\n\t\t\t\t<\/div>\n\t\t<div class=\"elementor-element elementor-element-5e1b21e e-flex e-con-boxed e-con e-parent\" data-id=\"5e1b21e\" data-element_type=\"container\" data-e-type=\"container\">\n\t\t\t\t\t<div class=\"e-con-inner\">\n\t\t\t\t<div class=\"elementor-element elementor-element-b2fd3ff elementor-view-stacked elementor-fixed elementor-shape-circle elementor-invisible elementor-widget elementor-widget-icon\" data-id=\"b2fd3ff\" data-element_type=\"widget\" data-e-type=\"widget\" data-settings=\"{&quot;_position&quot;:&quot;fixed&quot;,&quot;_animation&quot;:&quot;fadeIn&quot;}\" data-widget_type=\"icon.default\">\n\t\t\t\t<div class=\"elementor-widget-container\">\n\t\t\t\t\t\t\t<div class=\"elementor-icon-wrapper\">\n\t\t\t<a class=\"elementor-icon\" href=\"#page\">\n\t\t\t<svg aria-hidden=\"true\" class=\"e-font-icon-svg e-fas-arrow-up\" viewBox=\"0 0 448 512\" xmlns=\"http:\/\/www.w3.org\/2000\/svg\"><path d=\"M34.9 289.5l-22.2-22.2c-9.4-9.4-9.4-24.6 0-33.9L207 39c9.4-9.4 24.6-9.4 33.9 0l194.3 194.3c9.4 9.4 9.4 24.6 0 33.9L413 289.4c-9.5 9.5-25 9.3-34.3-.4L264 168.6V456c0 13.3-10.7 24-24 24h-32c-13.3 0-24-10.7-24-24V168.6L69.2 289.1c-9.3 9.8-24.8 10-34.3.4z\"><\/path><\/svg>\t\t\t<\/a>\n\t\t<\/div>\n\t\t\t\t\t\t<\/div>\n\t\t\t\t<\/div>\n\t\t\t\t\t<\/div>\n\t\t\t\t<\/div>\n\t\t\t\t<\/div>\n\t\t","protected":false},"excerpt":{"rendered":"<p>ACERCA DEL OBSERVATORIO Cada vez que aparece una nueva dimensi\u00f3n real o virtual que el ser humano quiere utilizar, los contendientes tratar\u00e1n de dominarla, de obtener la superioridad en \u00e9l, con objeto de poder actuar desde ella en su beneficio e impedir o dificultar su uso al adversario\u201d El ciberespacio constituye un \u00e1mbito virtual, nuevo [&hellip;]<\/p>\n","protected":false},"author":1,"featured_media":0,"parent":0,"menu_order":0,"comment_status":"closed","ping_status":"closed","template":"","meta":{"site-sidebar-layout":"no-sidebar","site-content-layout":"page-builder","ast-site-content-layout":"full-width-container","site-content-style":"unboxed","site-sidebar-style":"unboxed","ast-global-header-display":"","ast-banner-title-visibility":"","ast-main-header-display":"","ast-hfb-above-header-display":"","ast-hfb-below-header-display":"","ast-hfb-mobile-header-display":"","site-post-title":"disabled","ast-breadcrumbs-content":"","ast-featured-img":"disabled","footer-sml-layout":"","ast-disable-related-posts":"","theme-transparent-header-meta":"","adv-header-id-meta":"","stick-header-meta":"","header-above-stick-meta":"","header-main-stick-meta":"","header-below-stick-meta":"","astra-migrate-meta-layouts":"set","ast-page-background-enabled":"default","ast-page-background-meta":{"desktop":{"background-color":"","background-image":"","background-repeat":"repeat","background-position":"center center","background-size":"auto","background-attachment":"scroll","background-type":"","background-media":"","overlay-type":"","overlay-color":"","overlay-opacity":"","overlay-gradient":""},"tablet":{"background-color":"","background-image":"","background-repeat":"repeat","background-position":"center center","background-size":"auto","background-attachment":"scroll","background-type":"","background-media":"","overlay-type":"","overlay-color":"","overlay-opacity":"","overlay-gradient":""},"mobile":{"background-color":"","background-image":"","background-repeat":"repeat","background-position":"center center","background-size":"auto","background-attachment":"scroll","background-type":"","background-media":"","overlay-type":"","overlay-color":"","overlay-opacity":"","overlay-gradient":""}},"ast-content-background-meta":{"desktop":{"background-color":"var(--ast-global-color-5)","background-image":"","background-repeat":"repeat","background-position":"center center","background-size":"auto","background-attachment":"scroll","background-type":"","background-media":"","overlay-type":"","overlay-color":"","overlay-opacity":"","overlay-gradient":""},"tablet":{"background-color":"var(--ast-global-color-5)","background-image":"","background-repeat":"repeat","background-position":"center center","background-size":"auto","background-attachment":"scroll","background-type":"","background-media":"","overlay-type":"","overlay-color":"","overlay-opacity":"","overlay-gradient":""},"mobile":{"background-color":"var(--ast-global-color-5)","background-image":"","background-repeat":"repeat","background-position":"center center","background-size":"auto","background-attachment":"scroll","background-type":"","background-media":"","overlay-type":"","overlay-color":"","overlay-opacity":"","overlay-gradient":""}},"footnotes":""},"class_list":["post-2054","page","type-page","status-publish","hentry"],"_links":{"self":[{"href":"https:\/\/esga.mil.ar\/OBS\/wp-json\/wp\/v2\/pages\/2054","targetHints":{"allow":["GET"]}}],"collection":[{"href":"https:\/\/esga.mil.ar\/OBS\/wp-json\/wp\/v2\/pages"}],"about":[{"href":"https:\/\/esga.mil.ar\/OBS\/wp-json\/wp\/v2\/types\/page"}],"author":[{"embeddable":true,"href":"https:\/\/esga.mil.ar\/OBS\/wp-json\/wp\/v2\/users\/1"}],"replies":[{"embeddable":true,"href":"https:\/\/esga.mil.ar\/OBS\/wp-json\/wp\/v2\/comments?post=2054"}],"version-history":[{"count":34,"href":"https:\/\/esga.mil.ar\/OBS\/wp-json\/wp\/v2\/pages\/2054\/revisions"}],"predecessor-version":[{"id":3604,"href":"https:\/\/esga.mil.ar\/OBS\/wp-json\/wp\/v2\/pages\/2054\/revisions\/3604"}],"wp:attachment":[{"href":"https:\/\/esga.mil.ar\/OBS\/wp-json\/wp\/v2\/media?parent=2054"}],"curies":[{"name":"wp","href":"https:\/\/api.w.org\/{rel}","templated":true}]}}